{"id":9423,"date":"2025-09-24T15:49:15","date_gmt":"2025-09-24T14:49:15","guid":{"rendered":"https:\/\/nightsecret.rs\/?post_type=product&#038;p=9423"},"modified":"2025-11-21T17:25:42","modified_gmt":"2025-11-21T16:25:42","slug":"bodi-2203033-454","status":"publish","type":"product","link":"https:\/\/nightsecret.rs\/en\/product\/bodi-2203033-454\/","title":{"rendered":"Bodi 2203033-454"},"content":{"rendered":"<p><strong>Made in:<\/strong>\u00a0Serbia<br \/>\n<strong>Manufacturer<\/strong>\u00a0NightSecret<br \/>\n<strong>Material:<\/strong> 96% pamuk, 4% elastan<\/p>","protected":false},"excerpt":{"rendered":"<p>Zemlja porekla:\u00a0Srbija Proizo\u0111a\u010d:\u00a0NightSecret Sastav: 96% pamuk, 4% elastan<\/p>","protected":false},"featured_media":9377,"template":"","meta":[],"product_brand":[],"product_cat":[33,75],"product_tag":[],"class_list":{"0":"post-9423","1":"product","2":"type-product","3":"status-publish","4":"has-post-thumbnail","6":"product_cat-zenska","7":"product_cat-bodi","9":"first","10":"outofstock","11":"taxable","12":"shipping-taxable","13":"purchasable","14":"product-type-variable"},"yoast_head":"<!-- This site is optimized with the Yoast SEO Premium plugin v20.13 (Yoast SEO v23.4) - https:\/\/yoast.com\/wordpress\/plugins\/seo\/ -->\n<title>Bodi 2203033-454 | NightSecret<\/title>\n<meta name=\"description\" content=\"Najkvalitetniji mu\u0161ki, de\u010diji i \u017eenski ve\u0161, pid\u017eame, bade mantili, spava\u0107ice. Veleprodaja i maloprodaja na broj telefona: +381 20 \/ 744 \u2013 844\" \/>\n<meta name=\"robots\" content=\"index, follow, max-snippet:-1, max-image-preview:large, max-video-preview:-1\" \/>\n<link rel=\"canonical\" href=\"https:\/\/nightsecret.rs\/en\/product\/bodi-2203033-454\/\" \/>\n<meta property=\"og:locale\" content=\"en_US\" \/>\n<meta property=\"og:type\" content=\"article\" \/>\n<meta property=\"og:title\" content=\"Bodi 2203033-454\" \/>\n<meta property=\"og:description\" content=\"Zemlja porekla:\u00a0Srbija Proizo\u0111a\u010d:\u00a0NightSecret Sastav: 96% pamuk, 4% elastan\" \/>\n<meta property=\"og:url\" content=\"https:\/\/nightsecret.rs\/en\/product\/bodi-2203033-454\/\" \/>\n<meta property=\"og:site_name\" content=\"NightSecret\" \/>\n<meta property=\"article:publisher\" content=\"https:\/\/www.facebook.com\/nightsecretunderwearofficial\" \/>\n<meta property=\"article:modified_time\" content=\"2025-11-21T16:25:42+00:00\" \/>\n<meta property=\"og:image\" content=\"https:\/\/nightsecret.rs\/wp-content\/uploads\/2025\/09\/203033-451-560x800.png\" \/>\n\t<meta property=\"og:image:width\" content=\"560\" \/>\n\t<meta property=\"og:image:height\" content=\"800\" \/>\n\t<meta property=\"og:image:type\" content=\"image\/png\" \/>\n<meta name=\"twitter:card\" content=\"summary_large_image\" \/>\n<meta name=\"twitter:label1\" content=\"Availability\" \/>\n\t<meta name=\"twitter:data1\" content=\"Out of stock\" \/>\n<script type=\"application\/ld+json\" class=\"yoast-schema-graph\">{\"@context\":\"https:\/\/schema.org\",\"@graph\":[{\"@type\":\"WebPage\",\"@id\":\"https:\/\/nightsecret.rs\/product\/bodi-2203033-454\/\",\"url\":\"https:\/\/nightsecret.rs\/product\/bodi-2203033-454\/\",\"name\":\"Bodi 2203033-454 | NightSecret\",\"isPartOf\":{\"@id\":\"https:\/\/nightsecret.rs\/#website\"},\"primaryImageOfPage\":{\"@id\":\"https:\/\/nightsecret.rs\/product\/bodi-2203033-454\/#primaryimage\"},\"image\":{\"@id\":\"https:\/\/nightsecret.rs\/product\/bodi-2203033-454\/#primaryimage\"},\"thumbnailUrl\":\"https:\/\/nightsecret.rs\/wp-content\/uploads\/2025\/09\/203033-451.png\",\"datePublished\":\"2025-09-24T14:49:15+00:00\",\"dateModified\":\"2025-11-21T16:25:42+00:00\",\"description\":\"Najkvalitetniji mu\u0161ki, de\u010diji i \u017eenski ve\u0161, pid\u017eame, bade mantili, spava\u0107ice. Veleprodaja i maloprodaja na broj telefona: +381 20 \/ 744 \u2013 844\",\"breadcrumb\":{\"@id\":\"https:\/\/nightsecret.rs\/product\/bodi-2203033-454\/#breadcrumb\"},\"inLanguage\":\"en-US\",\"potentialAction\":[{\"@type\":\"ReadAction\",\"target\":[\"https:\/\/nightsecret.rs\/product\/bodi-2203033-454\/\"]}]},{\"@type\":\"ImageObject\",\"inLanguage\":\"en-US\",\"@id\":\"https:\/\/nightsecret.rs\/product\/bodi-2203033-454\/#primaryimage\",\"url\":\"https:\/\/nightsecret.rs\/wp-content\/uploads\/2025\/09\/203033-451.png\",\"contentUrl\":\"https:\/\/nightsecret.rs\/wp-content\/uploads\/2025\/09\/203033-451.png\",\"width\":1400,\"height\":2000},{\"@type\":\"BreadcrumbList\",\"@id\":\"https:\/\/nightsecret.rs\/product\/bodi-2203033-454\/#breadcrumb\",\"itemListElement\":[{\"@type\":\"ListItem\",\"position\":1,\"name\":\"Po\u010detna\",\"item\":\"https:\/\/nightsecret.rs\/\"},{\"@type\":\"ListItem\",\"position\":2,\"name\":\"Shop\",\"item\":\"https:\/\/nightsecret.rs\/shop\/\"},{\"@type\":\"ListItem\",\"position\":3,\"name\":\"\u017denska\",\"item\":\"https:\/\/nightsecret.rs\/kategorije-proizvoda\/zenska\/\"},{\"@type\":\"ListItem\",\"position\":4,\"name\":\"Bodi 2203033-454\"}]},{\"@type\":\"WebSite\",\"@id\":\"https:\/\/nightsecret.rs\/#website\",\"url\":\"https:\/\/nightsecret.rs\/\",\"name\":\"NightSecret\",\"description\":\"Underwear &amp; Lingerie\",\"publisher\":{\"@id\":\"https:\/\/nightsecret.rs\/#organization\"},\"potentialAction\":[{\"@type\":\"SearchAction\",\"target\":{\"@type\":\"EntryPoint\",\"urlTemplate\":\"https:\/\/nightsecret.rs\/?s={search_term_string}\"},\"query-input\":{\"@type\":\"PropertyValueSpecification\",\"valueRequired\":true,\"valueName\":\"search_term_string\"}}],\"inLanguage\":\"en-US\"},{\"@type\":\"Organization\",\"@id\":\"https:\/\/nightsecret.rs\/#organization\",\"name\":\"Night Secret\",\"url\":\"https:\/\/nightsecret.rs\/\",\"logo\":{\"@type\":\"ImageObject\",\"inLanguage\":\"en-US\",\"@id\":\"https:\/\/nightsecret.rs\/#\/schema\/logo\/image\/\",\"url\":\"https:\/\/nightsecret.rs\/wp-content\/uploads\/2021\/04\/NightSecretlogoblack.png\",\"contentUrl\":\"https:\/\/nightsecret.rs\/wp-content\/uploads\/2021\/04\/NightSecretlogoblack.png\",\"width\":132,\"height\":132,\"caption\":\"Night Secret\"},\"image\":{\"@id\":\"https:\/\/nightsecret.rs\/#\/schema\/logo\/image\/\"},\"sameAs\":[\"https:\/\/www.facebook.com\/nightsecretunderwearofficial\",\"https:\/\/instagram.com\/nightsecret_underwear\"]}]}<\/script>\n<meta property=\"og:availability\" content=\"out of stock\" \/>\n<meta property=\"product:availability\" content=\"out of stock\" \/>\n<meta property=\"product:retailer_item_id\" content=\"2203033-451-2\" \/>\n<meta property=\"product:condition\" content=\"new\" \/>\n<!-- \/ Yoast SEO Premium plugin. -->","yoast_head_json":{"title":"Bodi 2203033-454 | NightSecret","description":"Najkvalitetniji mu\u0161ki, de\u010diji i \u017eenski ve\u0161, pid\u017eame, bade mantili, spava\u0107ice. Veleprodaja i maloprodaja na broj telefona: +381 20 \/ 744 \u2013 844","robots":{"index":"index","follow":"follow","max-snippet":"max-snippet:-1","max-image-preview":"max-image-preview:large","max-video-preview":"max-video-preview:-1"},"canonical":"https:\/\/nightsecret.rs\/en\/product\/bodi-2203033-454\/","og_locale":"en_US","og_type":"article","og_title":"Bodi 2203033-454","og_description":"Zemlja porekla:\u00a0Srbija Proizo\u0111a\u010d:\u00a0NightSecret Sastav: 96% pamuk, 4% elastan","og_url":"https:\/\/nightsecret.rs\/en\/product\/bodi-2203033-454\/","og_site_name":"NightSecret","article_publisher":"https:\/\/www.facebook.com\/nightsecretunderwearofficial","article_modified_time":"2025-11-21T16:25:42+00:00","og_image":[{"width":560,"height":800,"url":"https:\/\/nightsecret.rs\/wp-content\/uploads\/2025\/09\/203033-451-560x800.png","type":"image\/png"}],"twitter_card":"summary_large_image","twitter_misc":{"Availability":"Out of stock"},"schema":{"@context":"https:\/\/schema.org","@graph":[{"@type":"WebPage","@id":"https:\/\/nightsecret.rs\/product\/bodi-2203033-454\/","url":"https:\/\/nightsecret.rs\/product\/bodi-2203033-454\/","name":"Bodi 2203033-454 | NightSecret","isPartOf":{"@id":"https:\/\/nightsecret.rs\/#website"},"primaryImageOfPage":{"@id":"https:\/\/nightsecret.rs\/product\/bodi-2203033-454\/#primaryimage"},"image":{"@id":"https:\/\/nightsecret.rs\/product\/bodi-2203033-454\/#primaryimage"},"thumbnailUrl":"https:\/\/nightsecret.rs\/wp-content\/uploads\/2025\/09\/203033-451.png","datePublished":"2025-09-24T14:49:15+00:00","dateModified":"2025-11-21T16:25:42+00:00","description":"Najkvalitetniji mu\u0161ki, de\u010diji i \u017eenski ve\u0161, pid\u017eame, bade mantili, spava\u0107ice. Veleprodaja i maloprodaja na broj telefona: +381 20 \/ 744 \u2013 844","breadcrumb":{"@id":"https:\/\/nightsecret.rs\/product\/bodi-2203033-454\/#breadcrumb"},"inLanguage":"en-US","potentialAction":[{"@type":"ReadAction","target":["https:\/\/nightsecret.rs\/product\/bodi-2203033-454\/"]}]},{"@type":"ImageObject","inLanguage":"en-US","@id":"https:\/\/nightsecret.rs\/product\/bodi-2203033-454\/#primaryimage","url":"https:\/\/nightsecret.rs\/wp-content\/uploads\/2025\/09\/203033-451.png","contentUrl":"https:\/\/nightsecret.rs\/wp-content\/uploads\/2025\/09\/203033-451.png","width":1400,"height":2000},{"@type":"BreadcrumbList","@id":"https:\/\/nightsecret.rs\/product\/bodi-2203033-454\/#breadcrumb","itemListElement":[{"@type":"ListItem","position":1,"name":"Po\u010detna","item":"https:\/\/nightsecret.rs\/"},{"@type":"ListItem","position":2,"name":"Shop","item":"https:\/\/nightsecret.rs\/shop\/"},{"@type":"ListItem","position":3,"name":"\u017denska","item":"https:\/\/nightsecret.rs\/kategorije-proizvoda\/zenska\/"},{"@type":"ListItem","position":4,"name":"Bodi 2203033-454"}]},{"@type":"WebSite","@id":"https:\/\/nightsecret.rs\/#website","url":"https:\/\/nightsecret.rs\/","name":"NightSecret","description":"Underwear &amp; Lingerie","publisher":{"@id":"https:\/\/nightsecret.rs\/#organization"},"potentialAction":[{"@type":"SearchAction","target":{"@type":"EntryPoint","urlTemplate":"https:\/\/nightsecret.rs\/?s={search_term_string}"},"query-input":{"@type":"PropertyValueSpecification","valueRequired":true,"valueName":"search_term_string"}}],"inLanguage":"en-US"},{"@type":"Organization","@id":"https:\/\/nightsecret.rs\/#organization","name":"Night Secret","url":"https:\/\/nightsecret.rs\/","logo":{"@type":"ImageObject","inLanguage":"en-US","@id":"https:\/\/nightsecret.rs\/#\/schema\/logo\/image\/","url":"https:\/\/nightsecret.rs\/wp-content\/uploads\/2021\/04\/NightSecretlogoblack.png","contentUrl":"https:\/\/nightsecret.rs\/wp-content\/uploads\/2021\/04\/NightSecretlogoblack.png","width":132,"height":132,"caption":"Night Secret"},"image":{"@id":"https:\/\/nightsecret.rs\/#\/schema\/logo\/image\/"},"sameAs":["https:\/\/www.facebook.com\/nightsecretunderwearofficial","https:\/\/instagram.com\/nightsecret_underwear"]}]},"og_availability":"out of stock","product_availability":"out of stock","product_retailer_item_id":"2203033-451-2","product_condition":"new"},"_links":{"self":[{"href":"https:\/\/nightsecret.rs\/en\/wp-json\/wp\/v2\/product\/9423","targetHints":{"allow":["GET"]}}],"collection":[{"href":"https:\/\/nightsecret.rs\/en\/wp-json\/wp\/v2\/product"}],"about":[{"href":"https:\/\/nightsecret.rs\/en\/wp-json\/wp\/v2\/types\/product"}],"wp:featuredmedia":[{"embeddable":true,"href":"https:\/\/nightsecret.rs\/en\/wp-json\/wp\/v2\/media\/9377"}],"wp:attachment":[{"href":"https:\/\/nightsecret.rs\/en\/wp-json\/wp\/v2\/media?parent=9423"}],"wp:term":[{"taxonomy":"product_brand","embeddable":true,"href":"https:\/\/nightsecret.rs\/en\/wp-json\/wp\/v2\/product_brand?post=9423"},{"taxonomy":"product_cat","embeddable":true,"href":"https:\/\/nightsecret.rs\/en\/wp-json\/wp\/v2\/product_cat?post=9423"},{"taxonomy":"product_tag","embeddable":true,"href":"https:\/\/nightsecret.rs\/en\/wp-json\/wp\/v2\/product_tag?post=9423"}],"curies":[{"name":"wp","href":"https:\/\/api.w.org\/{rel}","templated":true}]}}