{"id":9383,"date":"2025-09-24T15:39:09","date_gmt":"2025-09-24T14:39:09","guid":{"rendered":"https:\/\/nightsecret.rs\/?post_type=product&#038;p=9383"},"modified":"2025-11-21T16:32:33","modified_gmt":"2025-11-21T15:32:33","slug":"spavacica-205092-454","status":"publish","type":"product","link":"https:\/\/nightsecret.rs\/en\/product\/spavacica-205092-454\/","title":{"rendered":"Spava\u0107ica 205092-454"},"content":{"rendered":"<p>Nightsecret spava\u0107ica pru\u017ea neuporedivu udobnost i kvalitetu materijala koji \u0107e vam pomo\u0107i da se osje\u0107ate opu\u0161teno i ugodno tokom cijele no\u0107i. Na\u0161 jedinstveni dizajn \u010dini ih ne samo udobnima za spavanje, ve\u0107 i lijepim za no\u0161enje u ku\u0107i. Dostupne u razli\u010ditim veli\u010dinama, bojama i stilovima, na\u0161e spava\u0107ice su savr\u0161ene za svaku \u017eenu koja tra\u017ei savr\u0161enu no\u0107nu odje\u0107u. Naru\u010dite svoju Nightsecret spava\u0107icu danas i priu\u0161tite sebi nezaboravno iskustvo udobnosti.<\/p>","protected":false},"excerpt":{"rendered":"<p><strong>Made in:<\/strong>\u00a0Serbia<br \/>\n<strong>Manufacturer<\/strong>\u00a0NightSecret<br \/>\n<strong>Material:<\/strong>\u00a096% pamuk, 4% elastin<\/p>","protected":false},"featured_media":9395,"template":"","meta":[],"product_brand":[],"product_cat":[33,77],"product_tag":[],"class_list":{"0":"post-9383","1":"product","2":"type-product","3":"status-publish","4":"has-post-thumbnail","6":"product_cat-zenska","7":"product_cat-spavacica","9":"first","10":"outofstock","11":"taxable","12":"shipping-taxable","13":"purchasable","14":"product-type-variable"},"yoast_head":"<!-- This site is optimized with the Yoast SEO Premium plugin v20.13 (Yoast SEO v23.4) - https:\/\/yoast.com\/wordpress\/plugins\/seo\/ -->\n<title>Spava\u0107ica 205092-454 | NightSecret<\/title>\n<meta name=\"description\" content=\"Najkvalitetniji mu\u0161ki, de\u010diji i \u017eenski ve\u0161, pid\u017eame, bade mantili, spava\u0107ice. Veleprodaja i maloprodaja na broj telefona: +381 20 \/ 744 \u2013 844\" \/>\n<meta name=\"robots\" content=\"index, follow, max-snippet:-1, max-image-preview:large, max-video-preview:-1\" \/>\n<link rel=\"canonical\" href=\"https:\/\/nightsecret.rs\/en\/product\/spavacica-205092-454\/\" \/>\n<meta property=\"og:locale\" content=\"en_US\" \/>\n<meta property=\"og:type\" content=\"article\" \/>\n<meta property=\"og:title\" content=\"Spava\u0107ica 205092-454\" \/>\n<meta property=\"og:description\" content=\"Zemlja porekla:\u00a0Srbija Proizo\u0111a\u010d:\u00a0NightSecret Sastav:\u00a096% pamuk, 4% elastin\" \/>\n<meta property=\"og:url\" content=\"https:\/\/nightsecret.rs\/en\/product\/spavacica-205092-454\/\" \/>\n<meta property=\"og:site_name\" content=\"NightSecret\" \/>\n<meta property=\"article:publisher\" content=\"https:\/\/www.facebook.com\/nightsecretunderwearofficial\" \/>\n<meta property=\"article:modified_time\" content=\"2025-11-21T15:32:33+00:00\" \/>\n<meta property=\"og:image\" content=\"https:\/\/nightsecret.rs\/wp-content\/uploads\/2025\/09\/205092-454-1.jpg\" \/>\n\t<meta property=\"og:image:width\" content=\"1400\" \/>\n\t<meta property=\"og:image:height\" content=\"2000\" \/>\n\t<meta property=\"og:image:type\" content=\"image\/jpeg\" \/>\n<meta name=\"twitter:card\" content=\"summary_large_image\" \/>\n<meta name=\"twitter:label1\" content=\"Availability\" \/>\n\t<meta name=\"twitter:data1\" content=\"Out of stock\" \/>\n<script type=\"application\/ld+json\" class=\"yoast-schema-graph\">{\"@context\":\"https:\/\/schema.org\",\"@graph\":[{\"@type\":\"WebPage\",\"@id\":\"https:\/\/nightsecret.rs\/product\/spavacica-205092-454\/\",\"url\":\"https:\/\/nightsecret.rs\/product\/spavacica-205092-454\/\",\"name\":\"Spava\u0107ica 205092-454 | NightSecret\",\"isPartOf\":{\"@id\":\"https:\/\/nightsecret.rs\/#website\"},\"primaryImageOfPage\":{\"@id\":\"https:\/\/nightsecret.rs\/product\/spavacica-205092-454\/#primaryimage\"},\"image\":{\"@id\":\"https:\/\/nightsecret.rs\/product\/spavacica-205092-454\/#primaryimage\"},\"thumbnailUrl\":\"https:\/\/nightsecret.rs\/wp-content\/uploads\/2025\/09\/205092-454-1.jpg\",\"datePublished\":\"2025-09-24T14:39:09+00:00\",\"dateModified\":\"2025-11-21T15:32:33+00:00\",\"description\":\"Najkvalitetniji mu\u0161ki, de\u010diji i \u017eenski ve\u0161, pid\u017eame, bade mantili, spava\u0107ice. Veleprodaja i maloprodaja na broj telefona: +381 20 \/ 744 \u2013 844\",\"breadcrumb\":{\"@id\":\"https:\/\/nightsecret.rs\/product\/spavacica-205092-454\/#breadcrumb\"},\"inLanguage\":\"en-US\",\"potentialAction\":[{\"@type\":\"ReadAction\",\"target\":[\"https:\/\/nightsecret.rs\/product\/spavacica-205092-454\/\"]}]},{\"@type\":\"ImageObject\",\"inLanguage\":\"en-US\",\"@id\":\"https:\/\/nightsecret.rs\/product\/spavacica-205092-454\/#primaryimage\",\"url\":\"https:\/\/nightsecret.rs\/wp-content\/uploads\/2025\/09\/205092-454-1.jpg\",\"contentUrl\":\"https:\/\/nightsecret.rs\/wp-content\/uploads\/2025\/09\/205092-454-1.jpg\",\"width\":1400,\"height\":2000},{\"@type\":\"BreadcrumbList\",\"@id\":\"https:\/\/nightsecret.rs\/product\/spavacica-205092-454\/#breadcrumb\",\"itemListElement\":[{\"@type\":\"ListItem\",\"position\":1,\"name\":\"Po\u010detna\",\"item\":\"https:\/\/nightsecret.rs\/\"},{\"@type\":\"ListItem\",\"position\":2,\"name\":\"Shop\",\"item\":\"https:\/\/nightsecret.rs\/shop\/\"},{\"@type\":\"ListItem\",\"position\":3,\"name\":\"\u017denska\",\"item\":\"https:\/\/nightsecret.rs\/kategorije-proizvoda\/zenska\/\"},{\"@type\":\"ListItem\",\"position\":4,\"name\":\"Spava\u0107ica 205092-454\"}]},{\"@type\":\"WebSite\",\"@id\":\"https:\/\/nightsecret.rs\/#website\",\"url\":\"https:\/\/nightsecret.rs\/\",\"name\":\"NightSecret\",\"description\":\"Underwear &amp; Lingerie\",\"publisher\":{\"@id\":\"https:\/\/nightsecret.rs\/#organization\"},\"potentialAction\":[{\"@type\":\"SearchAction\",\"target\":{\"@type\":\"EntryPoint\",\"urlTemplate\":\"https:\/\/nightsecret.rs\/?s={search_term_string}\"},\"query-input\":{\"@type\":\"PropertyValueSpecification\",\"valueRequired\":true,\"valueName\":\"search_term_string\"}}],\"inLanguage\":\"en-US\"},{\"@type\":\"Organization\",\"@id\":\"https:\/\/nightsecret.rs\/#organization\",\"name\":\"Night Secret\",\"url\":\"https:\/\/nightsecret.rs\/\",\"logo\":{\"@type\":\"ImageObject\",\"inLanguage\":\"en-US\",\"@id\":\"https:\/\/nightsecret.rs\/#\/schema\/logo\/image\/\",\"url\":\"https:\/\/nightsecret.rs\/wp-content\/uploads\/2021\/04\/NightSecretlogoblack.png\",\"contentUrl\":\"https:\/\/nightsecret.rs\/wp-content\/uploads\/2021\/04\/NightSecretlogoblack.png\",\"width\":132,\"height\":132,\"caption\":\"Night Secret\"},\"image\":{\"@id\":\"https:\/\/nightsecret.rs\/#\/schema\/logo\/image\/\"},\"sameAs\":[\"https:\/\/www.facebook.com\/nightsecretunderwearofficial\",\"https:\/\/instagram.com\/nightsecret_underwear\"]}]}<\/script>\n<meta property=\"og:availability\" content=\"out of stock\" \/>\n<meta property=\"product:availability\" content=\"out of stock\" \/>\n<meta property=\"product:retailer_item_id\" content=\"205092-454\" \/>\n<meta property=\"product:condition\" content=\"new\" \/>\n<!-- \/ Yoast SEO Premium plugin. -->","yoast_head_json":{"title":"Spava\u0107ica 205092-454 | NightSecret","description":"Najkvalitetniji mu\u0161ki, de\u010diji i \u017eenski ve\u0161, pid\u017eame, bade mantili, spava\u0107ice. Veleprodaja i maloprodaja na broj telefona: +381 20 \/ 744 \u2013 844","robots":{"index":"index","follow":"follow","max-snippet":"max-snippet:-1","max-image-preview":"max-image-preview:large","max-video-preview":"max-video-preview:-1"},"canonical":"https:\/\/nightsecret.rs\/en\/product\/spavacica-205092-454\/","og_locale":"en_US","og_type":"article","og_title":"Spava\u0107ica 205092-454","og_description":"Zemlja porekla:\u00a0Srbija Proizo\u0111a\u010d:\u00a0NightSecret Sastav:\u00a096% pamuk, 4% elastin","og_url":"https:\/\/nightsecret.rs\/en\/product\/spavacica-205092-454\/","og_site_name":"NightSecret","article_publisher":"https:\/\/www.facebook.com\/nightsecretunderwearofficial","article_modified_time":"2025-11-21T15:32:33+00:00","og_image":[{"width":1400,"height":2000,"url":"https:\/\/nightsecret.rs\/wp-content\/uploads\/2025\/09\/205092-454-1.jpg","type":"image\/jpeg"}],"twitter_card":"summary_large_image","twitter_misc":{"Availability":"Out of stock"},"schema":{"@context":"https:\/\/schema.org","@graph":[{"@type":"WebPage","@id":"https:\/\/nightsecret.rs\/product\/spavacica-205092-454\/","url":"https:\/\/nightsecret.rs\/product\/spavacica-205092-454\/","name":"Spava\u0107ica 205092-454 | NightSecret","isPartOf":{"@id":"https:\/\/nightsecret.rs\/#website"},"primaryImageOfPage":{"@id":"https:\/\/nightsecret.rs\/product\/spavacica-205092-454\/#primaryimage"},"image":{"@id":"https:\/\/nightsecret.rs\/product\/spavacica-205092-454\/#primaryimage"},"thumbnailUrl":"https:\/\/nightsecret.rs\/wp-content\/uploads\/2025\/09\/205092-454-1.jpg","datePublished":"2025-09-24T14:39:09+00:00","dateModified":"2025-11-21T15:32:33+00:00","description":"Najkvalitetniji mu\u0161ki, de\u010diji i \u017eenski ve\u0161, pid\u017eame, bade mantili, spava\u0107ice. Veleprodaja i maloprodaja na broj telefona: +381 20 \/ 744 \u2013 844","breadcrumb":{"@id":"https:\/\/nightsecret.rs\/product\/spavacica-205092-454\/#breadcrumb"},"inLanguage":"en-US","potentialAction":[{"@type":"ReadAction","target":["https:\/\/nightsecret.rs\/product\/spavacica-205092-454\/"]}]},{"@type":"ImageObject","inLanguage":"en-US","@id":"https:\/\/nightsecret.rs\/product\/spavacica-205092-454\/#primaryimage","url":"https:\/\/nightsecret.rs\/wp-content\/uploads\/2025\/09\/205092-454-1.jpg","contentUrl":"https:\/\/nightsecret.rs\/wp-content\/uploads\/2025\/09\/205092-454-1.jpg","width":1400,"height":2000},{"@type":"BreadcrumbList","@id":"https:\/\/nightsecret.rs\/product\/spavacica-205092-454\/#breadcrumb","itemListElement":[{"@type":"ListItem","position":1,"name":"Po\u010detna","item":"https:\/\/nightsecret.rs\/"},{"@type":"ListItem","position":2,"name":"Shop","item":"https:\/\/nightsecret.rs\/shop\/"},{"@type":"ListItem","position":3,"name":"\u017denska","item":"https:\/\/nightsecret.rs\/kategorije-proizvoda\/zenska\/"},{"@type":"ListItem","position":4,"name":"Spava\u0107ica 205092-454"}]},{"@type":"WebSite","@id":"https:\/\/nightsecret.rs\/#website","url":"https:\/\/nightsecret.rs\/","name":"NightSecret","description":"Underwear &amp; Lingerie","publisher":{"@id":"https:\/\/nightsecret.rs\/#organization"},"potentialAction":[{"@type":"SearchAction","target":{"@type":"EntryPoint","urlTemplate":"https:\/\/nightsecret.rs\/?s={search_term_string}"},"query-input":{"@type":"PropertyValueSpecification","valueRequired":true,"valueName":"search_term_string"}}],"inLanguage":"en-US"},{"@type":"Organization","@id":"https:\/\/nightsecret.rs\/#organization","name":"Night Secret","url":"https:\/\/nightsecret.rs\/","logo":{"@type":"ImageObject","inLanguage":"en-US","@id":"https:\/\/nightsecret.rs\/#\/schema\/logo\/image\/","url":"https:\/\/nightsecret.rs\/wp-content\/uploads\/2021\/04\/NightSecretlogoblack.png","contentUrl":"https:\/\/nightsecret.rs\/wp-content\/uploads\/2021\/04\/NightSecretlogoblack.png","width":132,"height":132,"caption":"Night Secret"},"image":{"@id":"https:\/\/nightsecret.rs\/#\/schema\/logo\/image\/"},"sameAs":["https:\/\/www.facebook.com\/nightsecretunderwearofficial","https:\/\/instagram.com\/nightsecret_underwear"]}]},"og_availability":"out of stock","product_availability":"out of stock","product_retailer_item_id":"205092-454","product_condition":"new"},"_links":{"self":[{"href":"https:\/\/nightsecret.rs\/en\/wp-json\/wp\/v2\/product\/9383","targetHints":{"allow":["GET"]}}],"collection":[{"href":"https:\/\/nightsecret.rs\/en\/wp-json\/wp\/v2\/product"}],"about":[{"href":"https:\/\/nightsecret.rs\/en\/wp-json\/wp\/v2\/types\/product"}],"wp:featuredmedia":[{"embeddable":true,"href":"https:\/\/nightsecret.rs\/en\/wp-json\/wp\/v2\/media\/9395"}],"wp:attachment":[{"href":"https:\/\/nightsecret.rs\/en\/wp-json\/wp\/v2\/media?parent=9383"}],"wp:term":[{"taxonomy":"product_brand","embeddable":true,"href":"https:\/\/nightsecret.rs\/en\/wp-json\/wp\/v2\/product_brand?post=9383"},{"taxonomy":"product_cat","embeddable":true,"href":"https:\/\/nightsecret.rs\/en\/wp-json\/wp\/v2\/product_cat?post=9383"},{"taxonomy":"product_tag","embeddable":true,"href":"https:\/\/nightsecret.rs\/en\/wp-json\/wp\/v2\/product_tag?post=9383"}],"curies":[{"name":"wp","href":"https:\/\/api.w.org\/{rel}","templated":true}]}}