{"id":560,"date":"2021-04-02T07:51:34","date_gmt":"2021-04-02T07:51:34","guid":{"rendered":"https:\/\/nightsecret.cyberx.rs\/?page_id=560"},"modified":"2022-02-11T14:46:20","modified_gmt":"2022-02-11T13:46:20","slug":"o-nama","status":"publish","type":"page","link":"https:\/\/nightsecret.rs\/en\/o-nama\/","title":{"rendered":"About Us"},"content":{"rendered":"<div data-elementor-type=\"wp-page\" data-elementor-id=\"560\" class=\"elementor elementor-560\">\n\t\t\t\t\t\t<section class=\"elementor-section elementor-top-section elementor-element elementor-element-5fb29ce elementor-section-stretched elementor-section-height-min-height elementor-hidden-tablet elementor-hidden-phone elementor-section-content-middle elementor-section-boxed elementor-section-height-default elementor-section-items-middle\" data-id=\"5fb29ce\" data-element_type=\"section\" data-settings=\"{&quot;stretch_section&quot;:&quot;section-stretched&quot;,&quot;background_background&quot;:&quot;classic&quot;}\">\n\t\t\t\t\t\t\t<div class=\"elementor-background-overlay\"><\/div>\n\t\t\t\t\t\t\t<div class=\"elementor-container elementor-column-gap-no\">\n\t\t\t\t\t<div class=\"elementor-column elementor-col-100 elementor-top-column elementor-element elementor-element-84d70b8\" data-id=\"84d70b8\" data-element_type=\"column\">\n\t\t\t<div class=\"elementor-widget-wrap elementor-element-populated\">\n\t\t\t\t\t\t<div class=\"elementor-element elementor-element-0440a81 elementor-widget elementor-widget-heading\" data-id=\"0440a81\" data-element_type=\"widget\" data-widget_type=\"heading.default\">\n\t\t\t\t<div class=\"elementor-widget-container\">\n\t\t\t\t\t<h2 class=\"elementor-heading-title elementor-size-default\">About Us<\/h2>\t\t\t\t<\/div>\n\t\t\t\t<\/div>\n\t\t\t\t\t<\/div>\n\t\t<\/div>\n\t\t\t\t\t<\/div>\n\t\t<\/section>\n\t\t\t\t<header class=\"elementor-section elementor-top-section elementor-element elementor-element-815656b elementor-section-stretched elementor-section-height-min-height elementor-hidden-desktop elementor-hidden-phone elementor-section-content-middle elementor-section-boxed elementor-section-height-default elementor-section-items-middle\" data-id=\"815656b\" data-element_type=\"section\" data-settings=\"{&quot;stretch_section&quot;:&quot;section-stretched&quot;,&quot;background_background&quot;:&quot;classic&quot;}\">\n\t\t\t\t\t\t\t<div class=\"elementor-background-overlay\"><\/div>\n\t\t\t\t\t\t\t<div class=\"elementor-container elementor-column-gap-no\">\n\t\t\t\t\t<div class=\"elementor-column elementor-col-100 elementor-top-column elementor-element elementor-element-73c874b\" data-id=\"73c874b\" data-element_type=\"column\">\n\t\t\t<div class=\"elementor-widget-wrap elementor-element-populated\">\n\t\t\t\t\t\t<div class=\"elementor-element elementor-element-37c1040 elementor-widget elementor-widget-heading\" data-id=\"37c1040\" data-element_type=\"widget\" data-widget_type=\"heading.default\">\n\t\t\t\t<div class=\"elementor-widget-container\">\n\t\t\t\t\t<h2 class=\"elementor-heading-title elementor-size-default\">About Us<\/h2>\t\t\t\t<\/div>\n\t\t\t\t<\/div>\n\t\t\t\t\t<\/div>\n\t\t<\/div>\n\t\t\t\t\t<\/div>\n\t\t<\/header>\n\t\t\t\t<header class=\"elementor-section elementor-top-section elementor-element elementor-element-f0fad33 elementor-section-stretched elementor-section-height-min-height elementor-hidden-desktop elementor-hidden-tablet elementor-section-boxed elementor-section-height-default elementor-section-items-middle\" data-id=\"f0fad33\" data-element_type=\"section\" data-settings=\"{&quot;stretch_section&quot;:&quot;section-stretched&quot;,&quot;background_background&quot;:&quot;classic&quot;}\">\n\t\t\t\t\t\t\t<div class=\"elementor-background-overlay\"><\/div>\n\t\t\t\t\t\t\t<div class=\"elementor-container elementor-column-gap-no\">\n\t\t\t\t\t<div class=\"elementor-column elementor-col-100 elementor-top-column elementor-element elementor-element-b3af007\" data-id=\"b3af007\" data-element_type=\"column\">\n\t\t\t<div class=\"elementor-widget-wrap elementor-element-populated\">\n\t\t\t\t\t\t<div class=\"elementor-element elementor-element-1e9bafa elementor-widget elementor-widget-heading\" data-id=\"1e9bafa\" data-element_type=\"widget\" data-widget_type=\"heading.default\">\n\t\t\t\t<div class=\"elementor-widget-container\">\n\t\t\t\t\t<h2 class=\"elementor-heading-title elementor-size-default\">About Us<\/h2>\t\t\t\t<\/div>\n\t\t\t\t<\/div>\n\t\t\t\t\t<\/div>\n\t\t<\/div>\n\t\t\t\t\t<\/div>\n\t\t<\/header>\n\t\t\t\t<section class=\"elementor-section elementor-top-section elementor-element elementor-element-d49a462 elementor-section-boxed elementor-section-height-default elementor-section-height-default\" data-id=\"d49a462\" data-element_type=\"section\">\n\t\t\t\t\t\t<div class=\"elementor-container elementor-column-gap-default\">\n\t\t\t\t\t<div class=\"elementor-column elementor-col-100 elementor-top-column elementor-element elementor-element-8dc7ce1\" data-id=\"8dc7ce1\" data-element_type=\"column\">\n\t\t\t<div class=\"elementor-widget-wrap elementor-element-populated\">\n\t\t\t\t\t\t<div class=\"elementor-element elementor-element-b3540f6 elementor-widget elementor-widget-spacer\" data-id=\"b3540f6\" data-element_type=\"widget\" data-widget_type=\"spacer.default\">\n\t\t\t\t<div class=\"elementor-widget-container\">\n\t\t\t\t\t\t\t<div class=\"elementor-spacer\">\n\t\t\t<div class=\"elementor-spacer-inner\"><\/div>\n\t\t<\/div>\n\t\t\t\t\t\t<\/div>\n\t\t\t\t<\/div>\n\t\t\t\t<div class=\"elementor-element elementor-element-dc217fd elementor-widget elementor-widget-text-editor\" data-id=\"dc217fd\" data-element_type=\"widget\" data-widget_type=\"text-editor.default\">\n\t\t\t\t<div class=\"elementor-widget-container\">\n\t\t\t\t\t\t\t\t\t<p><em>Night\u00a0 Secret<\/em><\/p>\t\t\t\t\t\t\t\t<\/div>\n\t\t\t\t<\/div>\n\t\t\t\t<div class=\"elementor-element elementor-element-4e1f3e2 elementor-hidden-tablet elementor-hidden-phone elementor-widget elementor-widget-spacer\" data-id=\"4e1f3e2\" data-element_type=\"widget\" data-widget_type=\"spacer.default\">\n\t\t\t\t<div class=\"elementor-widget-container\">\n\t\t\t\t\t\t\t<div class=\"elementor-spacer\">\n\t\t\t<div class=\"elementor-spacer-inner\"><\/div>\n\t\t<\/div>\n\t\t\t\t\t\t<\/div>\n\t\t\t\t<\/div>\n\t\t\t\t<div class=\"elementor-element elementor-element-029e96e elementor-widget elementor-widget-text-editor\" data-id=\"029e96e\" data-element_type=\"widget\" data-widget_type=\"text-editor.default\">\n\t\t\t\t<div class=\"elementor-widget-container\">\n\t\t\t\t\t\t\t\t\t<div class=\"wpb_column vc_column_container vc_col-sm-7\"><div class=\"vc_column-inner vc_custom_1502301369021\"><div class=\"wpb_wrapper\"><p class=\"vc_custom_heading\">Grad Sjenica sa tradicijom proizvodnje donjeg ve\u0161a od preko \u0161est decenija centar je velikog broja kvalitetnih proizvodja\u010da. U takvoj sredini 2009.godine podu\u010deni iskustvom predaka nekoliko ambicioznih ljudi odlu\u010dilo je da osnuje firmu pod nazivom Night Secret.Kontinuirano se razvijala,tako da danas predstavlja savremenu tvornicu za izradu donjeg ve\u0161a.Struktura zaposlenih je veoma dobra,jer se radi o mladoj i visoko stru\u010dnoj radnoj snazi sa ambicijama za dalje napredovanje.<\/p><\/div><\/div><\/div>\t\t\t\t\t\t\t\t<\/div>\n\t\t\t\t<\/div>\n\t\t\t\t<section class=\"elementor-section elementor-inner-section elementor-element elementor-element-024d084 elementor-section-boxed elementor-section-height-default elementor-section-height-default\" data-id=\"024d084\" data-element_type=\"section\">\n\t\t\t\t\t\t<div class=\"elementor-container elementor-column-gap-default\">\n\t\t\t\t\t<div class=\"elementor-column elementor-col-50 elementor-inner-column elementor-element elementor-element-a1d912e\" data-id=\"a1d912e\" data-element_type=\"column\">\n\t\t\t<div class=\"elementor-widget-wrap elementor-element-populated\">\n\t\t\t\t\t\t<div class=\"elementor-element elementor-element-91923b4 elementor-widget elementor-widget-image\" data-id=\"91923b4\" data-element_type=\"widget\" data-widget_type=\"image.default\">\n\t\t\t\t<div class=\"elementor-widget-container\">\n\t\t\t\t\t\t\t\t\t\t\t\t\t\t\t<img fetchpriority=\"high\" decoding=\"async\" width=\"1000\" height=\"665\" src=\"https:\/\/nightsecret.rs\/wp-content\/uploads\/2021\/04\/banner3.jpg\" class=\"attachment-large size-large wp-image-622\" alt=\"\" srcset=\"https:\/\/nightsecret.rs\/wp-content\/uploads\/2021\/04\/banner3.jpg 1000w, https:\/\/nightsecret.rs\/wp-content\/uploads\/2021\/04\/banner3-600x399.jpg 600w, https:\/\/nightsecret.rs\/wp-content\/uploads\/2021\/04\/banner3-602x400.jpg 602w, https:\/\/nightsecret.rs\/wp-content\/uploads\/2021\/04\/banner3-768x511.jpg 768w\" sizes=\"(max-width: 1000px) 100vw, 1000px\" \/>\t\t\t\t\t\t\t\t\t\t\t\t\t\t\t<\/div>\n\t\t\t\t<\/div>\n\t\t\t\t\t<\/div>\n\t\t<\/div>\n\t\t\t\t<div class=\"elementor-column elementor-col-50 elementor-inner-column elementor-element elementor-element-bd37907\" data-id=\"bd37907\" data-element_type=\"column\">\n\t\t\t<div class=\"elementor-widget-wrap elementor-element-populated\">\n\t\t\t\t\t\t<div class=\"elementor-element elementor-element-7a68a00 elementor-widget elementor-widget-text-editor\" data-id=\"7a68a00\" data-element_type=\"widget\" data-widget_type=\"text-editor.default\">\n\t\t\t\t<div class=\"elementor-widget-container\">\n\t\t\t\t\t\t\t\t\t<div class=\"wpb_column vc_column_container vc_col-sm-7\"><div class=\"vc_column-inner vc_custom_1502301369021\"><div class=\"wpb_wrapper\"><p class=\"vc_custom_heading\">Donji ve\u0161 je potpuno specifi\u010dna modna grupacija i tu vladaju i neke druge zakonitosti koje mo\u017eda ne moraju da po\u0161tuju proizvodja\u010di druge modne ode\u0107e.Ve\u0161 se mora izradjivati od najboljih materijala jer je u direktnom kontaktu sa ko\u017eom.Modeli moraju biti najbolje mogu\u0107e iskrojeni i sa\u0161iveni. Night Secret kolekcije nastaju uz neprekidnu kontrolu ba\u0161 ovih osobina svih na\u0161ih artikala-od donjeg ve\u0161a za oba pola, preko programa majica sve do pi\u017eama za mu\u0161karce i \u017eene ali i za decu.<\/p><\/div><\/div><\/div>\t\t\t\t\t\t\t\t<\/div>\n\t\t\t\t<\/div>\n\t\t\t\t<div class=\"elementor-element elementor-element-e12e44f elementor-widget elementor-widget-text-editor\" data-id=\"e12e44f\" data-element_type=\"widget\" data-widget_type=\"text-editor.default\">\n\t\t\t\t<div class=\"elementor-widget-container\">\n\t\t\t\t\t\t\t\t\t<div class=\"wpb_column vc_column_container vc_col-sm-7\"><div class=\"vc_column-inner vc_custom_1502301369021\"><div class=\"wpb_wrapper\"><p class=\"vc_custom_heading\">Trudimo se da budemo potpuno u dosluhu sa aktuelnim modnim trendovima u svetu i \u0161to se tice novih materijala ali i dezena, krojeva, stilova&#8230;.Bi\u0107e nam zadovoljstvo ako nova kolekcija Night Secret uspe\u0161no ispuni va\u0161a ocekivanja.<\/p><\/div><\/div><\/div>\t\t\t\t\t\t\t\t<\/div>\n\t\t\t\t<\/div>\n\t\t\t\t\t<\/div>\n\t\t<\/div>\n\t\t\t\t\t<\/div>\n\t\t<\/section>\n\t\t\t\t\t<\/div>\n\t\t<\/div>\n\t\t\t\t\t<\/div>\n\t\t<\/section>\n\t\t\t\t<\/div>","protected":false},"excerpt":{"rendered":"<p>O nama O nama O nama Night\u00a0 Secret Grad Sjenica sa tradicijom proizvodnje donjeg ve\u0161a od preko \u0161est decenija centar je velikog broja kvalitetnih proizvodja\u010da. U takvoj sredini 2009.godine podu\u010deni iskustvom predaka nekoliko ambicioznih ljudi odlu\u010dilo je da osnuje firmu pod nazivom Night Secret.Kontinuirano se razvijala,tako da danas predstavlja savremenu tvornicu za izradu donjeg ve\u0161a.Struktura [&#8230;]","protected":false},"author":1,"featured_media":5906,"parent":0,"menu_order":0,"comment_status":"closed","ping_status":"closed","template":"page-transparent-header.php","meta":{"footnotes":""},"class_list":["post-560","page","type-page","status-publish","has-post-thumbnail","hentry"],"yoast_head":"<!-- This site is optimized with the Yoast SEO Premium plugin v20.13 (Yoast SEO v23.4) - https:\/\/yoast.com\/wordpress\/plugins\/seo\/ -->\n<title>O nama | NightSecret<\/title>\n<meta name=\"robots\" content=\"index, follow, max-snippet:-1, max-image-preview:large, max-video-preview:-1\" \/>\n<link rel=\"canonical\" href=\"https:\/\/nightsecret.rs\/en\/o-nama\/\" \/>\n<meta property=\"og:locale\" content=\"en_US\" \/>\n<meta property=\"og:type\" content=\"article\" \/>\n<meta property=\"og:title\" content=\"O nama\" \/>\n<meta property=\"og:description\" content=\"O nama O nama O nama Night\u00a0 Secret Grad Sjenica sa tradicijom proizvodnje donjeg ve\u0161a od preko \u0161est decenija centar je velikog broja kvalitetnih\" \/>\n<meta property=\"og:url\" content=\"https:\/\/nightsecret.rs\/en\/o-nama\/\" \/>\n<meta property=\"og:site_name\" content=\"NightSecret\" \/>\n<meta property=\"article:publisher\" content=\"https:\/\/www.facebook.com\/nightsecretunderwearofficial\" \/>\n<meta property=\"article:modified_time\" content=\"2022-02-11T13:46:20+00:00\" \/>\n<meta property=\"og:image\" content=\"https:\/\/nightsecret.rs\/wp-content\/uploads\/2021\/08\/205079-277-05.jpg\" \/>\n\t<meta property=\"og:image:width\" content=\"1527\" \/>\n\t<meta property=\"og:image:height\" content=\"754\" \/>\n\t<meta property=\"og:image:type\" content=\"image\/jpeg\" \/>\n<meta name=\"twitter:card\" content=\"summary_large_image\" \/>\n<meta name=\"twitter:label1\" content=\"Est. reading time\" \/>\n\t<meta name=\"twitter:data1\" content=\"2 minutes\" \/>\n<script type=\"application\/ld+json\" class=\"yoast-schema-graph\">{\"@context\":\"https:\/\/schema.org\",\"@graph\":[{\"@type\":\"WebPage\",\"@id\":\"https:\/\/nightsecret.rs\/o-nama\/\",\"url\":\"https:\/\/nightsecret.rs\/o-nama\/\",\"name\":\"O nama | NightSecret\",\"isPartOf\":{\"@id\":\"https:\/\/nightsecret.rs\/#website\"},\"primaryImageOfPage\":{\"@id\":\"https:\/\/nightsecret.rs\/o-nama\/#primaryimage\"},\"image\":{\"@id\":\"https:\/\/nightsecret.rs\/o-nama\/#primaryimage\"},\"thumbnailUrl\":\"https:\/\/nightsecret.rs\/wp-content\/uploads\/2021\/08\/205079-277-05.jpg\",\"datePublished\":\"2021-04-02T07:51:34+00:00\",\"dateModified\":\"2022-02-11T13:46:20+00:00\",\"breadcrumb\":{\"@id\":\"https:\/\/nightsecret.rs\/o-nama\/#breadcrumb\"},\"inLanguage\":\"en-US\",\"potentialAction\":[{\"@type\":\"ReadAction\",\"target\":[\"https:\/\/nightsecret.rs\/o-nama\/\"]}]},{\"@type\":\"ImageObject\",\"inLanguage\":\"en-US\",\"@id\":\"https:\/\/nightsecret.rs\/o-nama\/#primaryimage\",\"url\":\"https:\/\/nightsecret.rs\/wp-content\/uploads\/2021\/08\/205079-277-05.jpg\",\"contentUrl\":\"https:\/\/nightsecret.rs\/wp-content\/uploads\/2021\/08\/205079-277-05.jpg\",\"width\":1527,\"height\":754},{\"@type\":\"BreadcrumbList\",\"@id\":\"https:\/\/nightsecret.rs\/o-nama\/#breadcrumb\",\"itemListElement\":[{\"@type\":\"ListItem\",\"position\":1,\"name\":\"Po\u010detna\",\"item\":\"https:\/\/nightsecret.rs\/\"},{\"@type\":\"ListItem\",\"position\":2,\"name\":\"O nama\"}]},{\"@type\":\"WebSite\",\"@id\":\"https:\/\/nightsecret.rs\/#website\",\"url\":\"https:\/\/nightsecret.rs\/\",\"name\":\"NightSecret\",\"description\":\"Underwear &amp; Lingerie\",\"publisher\":{\"@id\":\"https:\/\/nightsecret.rs\/#organization\"},\"potentialAction\":[{\"@type\":\"SearchAction\",\"target\":{\"@type\":\"EntryPoint\",\"urlTemplate\":\"https:\/\/nightsecret.rs\/?s={search_term_string}\"},\"query-input\":{\"@type\":\"PropertyValueSpecification\",\"valueRequired\":true,\"valueName\":\"search_term_string\"}}],\"inLanguage\":\"en-US\"},{\"@type\":\"Organization\",\"@id\":\"https:\/\/nightsecret.rs\/#organization\",\"name\":\"Night Secret\",\"url\":\"https:\/\/nightsecret.rs\/\",\"logo\":{\"@type\":\"ImageObject\",\"inLanguage\":\"en-US\",\"@id\":\"https:\/\/nightsecret.rs\/#\/schema\/logo\/image\/\",\"url\":\"https:\/\/nightsecret.rs\/wp-content\/uploads\/2021\/04\/NightSecretlogoblack.png\",\"contentUrl\":\"https:\/\/nightsecret.rs\/wp-content\/uploads\/2021\/04\/NightSecretlogoblack.png\",\"width\":132,\"height\":132,\"caption\":\"Night Secret\"},\"image\":{\"@id\":\"https:\/\/nightsecret.rs\/#\/schema\/logo\/image\/\"},\"sameAs\":[\"https:\/\/www.facebook.com\/nightsecretunderwearofficial\",\"https:\/\/instagram.com\/nightsecret_underwear\"]}]}<\/script>\n<!-- \/ Yoast SEO Premium plugin. -->","yoast_head_json":{"title":"O nama | NightSecret","robots":{"index":"index","follow":"follow","max-snippet":"max-snippet:-1","max-image-preview":"max-image-preview:large","max-video-preview":"max-video-preview:-1"},"canonical":"https:\/\/nightsecret.rs\/en\/o-nama\/","og_locale":"en_US","og_type":"article","og_title":"O nama","og_description":"O nama O nama O nama Night\u00a0 Secret Grad Sjenica sa tradicijom proizvodnje donjeg ve\u0161a od preko \u0161est decenija centar je velikog broja kvalitetnih","og_url":"https:\/\/nightsecret.rs\/en\/o-nama\/","og_site_name":"NightSecret","article_publisher":"https:\/\/www.facebook.com\/nightsecretunderwearofficial","article_modified_time":"2022-02-11T13:46:20+00:00","og_image":[{"width":1527,"height":754,"url":"https:\/\/nightsecret.rs\/wp-content\/uploads\/2021\/08\/205079-277-05.jpg","type":"image\/jpeg"}],"twitter_card":"summary_large_image","twitter_misc":{"Est. reading time":"2 minutes"},"schema":{"@context":"https:\/\/schema.org","@graph":[{"@type":"WebPage","@id":"https:\/\/nightsecret.rs\/o-nama\/","url":"https:\/\/nightsecret.rs\/o-nama\/","name":"O nama | NightSecret","isPartOf":{"@id":"https:\/\/nightsecret.rs\/#website"},"primaryImageOfPage":{"@id":"https:\/\/nightsecret.rs\/o-nama\/#primaryimage"},"image":{"@id":"https:\/\/nightsecret.rs\/o-nama\/#primaryimage"},"thumbnailUrl":"https:\/\/nightsecret.rs\/wp-content\/uploads\/2021\/08\/205079-277-05.jpg","datePublished":"2021-04-02T07:51:34+00:00","dateModified":"2022-02-11T13:46:20+00:00","breadcrumb":{"@id":"https:\/\/nightsecret.rs\/o-nama\/#breadcrumb"},"inLanguage":"en-US","potentialAction":[{"@type":"ReadAction","target":["https:\/\/nightsecret.rs\/o-nama\/"]}]},{"@type":"ImageObject","inLanguage":"en-US","@id":"https:\/\/nightsecret.rs\/o-nama\/#primaryimage","url":"https:\/\/nightsecret.rs\/wp-content\/uploads\/2021\/08\/205079-277-05.jpg","contentUrl":"https:\/\/nightsecret.rs\/wp-content\/uploads\/2021\/08\/205079-277-05.jpg","width":1527,"height":754},{"@type":"BreadcrumbList","@id":"https:\/\/nightsecret.rs\/o-nama\/#breadcrumb","itemListElement":[{"@type":"ListItem","position":1,"name":"Po\u010detna","item":"https:\/\/nightsecret.rs\/"},{"@type":"ListItem","position":2,"name":"O nama"}]},{"@type":"WebSite","@id":"https:\/\/nightsecret.rs\/#website","url":"https:\/\/nightsecret.rs\/","name":"NightSecret","description":"Underwear &amp; Lingerie","publisher":{"@id":"https:\/\/nightsecret.rs\/#organization"},"potentialAction":[{"@type":"SearchAction","target":{"@type":"EntryPoint","urlTemplate":"https:\/\/nightsecret.rs\/?s={search_term_string}"},"query-input":{"@type":"PropertyValueSpecification","valueRequired":true,"valueName":"search_term_string"}}],"inLanguage":"en-US"},{"@type":"Organization","@id":"https:\/\/nightsecret.rs\/#organization","name":"Night Secret","url":"https:\/\/nightsecret.rs\/","logo":{"@type":"ImageObject","inLanguage":"en-US","@id":"https:\/\/nightsecret.rs\/#\/schema\/logo\/image\/","url":"https:\/\/nightsecret.rs\/wp-content\/uploads\/2021\/04\/NightSecretlogoblack.png","contentUrl":"https:\/\/nightsecret.rs\/wp-content\/uploads\/2021\/04\/NightSecretlogoblack.png","width":132,"height":132,"caption":"Night Secret"},"image":{"@id":"https:\/\/nightsecret.rs\/#\/schema\/logo\/image\/"},"sameAs":["https:\/\/www.facebook.com\/nightsecretunderwearofficial","https:\/\/instagram.com\/nightsecret_underwear"]}]}},"_links":{"self":[{"href":"https:\/\/nightsecret.rs\/en\/wp-json\/wp\/v2\/pages\/560","targetHints":{"allow":["GET"]}}],"collection":[{"href":"https:\/\/nightsecret.rs\/en\/wp-json\/wp\/v2\/pages"}],"about":[{"href":"https:\/\/nightsecret.rs\/en\/wp-json\/wp\/v2\/types\/page"}],"author":[{"embeddable":true,"href":"https:\/\/nightsecret.rs\/en\/wp-json\/wp\/v2\/users\/1"}],"replies":[{"embeddable":true,"href":"https:\/\/nightsecret.rs\/en\/wp-json\/wp\/v2\/comments?post=560"}],"version-history":[{"count":84,"href":"https:\/\/nightsecret.rs\/en\/wp-json\/wp\/v2\/pages\/560\/revisions"}],"predecessor-version":[{"id":7227,"href":"https:\/\/nightsecret.rs\/en\/wp-json\/wp\/v2\/pages\/560\/revisions\/7227"}],"wp:featuredmedia":[{"embeddable":true,"href":"https:\/\/nightsecret.rs\/en\/wp-json\/wp\/v2\/media\/5906"}],"wp:attachment":[{"href":"https:\/\/nightsecret.rs\/en\/wp-json\/wp\/v2\/media?parent=560"}],"curies":[{"name":"wp","href":"https:\/\/api.w.org\/{rel}","templated":true}]}}